{"id":986,"date":"2021-02-25T15:34:29","date_gmt":"2021-02-25T15:34:29","guid":{"rendered":"https:\/\/solmaisenergia.pt\/?page_id=986"},"modified":"2022-06-26T11:32:56","modified_gmt":"2022-06-26T11:32:56","slug":"politica-privacidade","status":"publish","type":"page","link":"https:\/\/solmaisenergia.pt\/en\/politica-privacidade\/","title":{"rendered":"Privacy Policy"},"content":{"rendered":"<div data-elementor-type=\"wp-page\" data-elementor-id=\"986\" class=\"elementor elementor-986\">\n\t\t\t\t\t\t<div class=\"elementor-inner\">\n\t\t\t\t<div class=\"elementor-section-wrap\">\n\t\t\t\t\t\t\t\t\t<section class=\"elementor-section elementor-top-section elementor-element elementor-element-7e106d5 elementor-section-full_width elementor-section-height-min-height elementor-section-stretched elementor-section-height-default elementor-section-items-middle\" data-id=\"7e106d5\" data-element_type=\"section\" data-settings=\"{&quot;stretch_section&quot;:&quot;section-stretched&quot;,&quot;background_background&quot;:&quot;classic&quot;}\">\n\t\t\t\t\t\t<div class=\"elementor-container elementor-column-gap-default\">\n\t\t\t\t\t\t\t<div class=\"elementor-row\">\n\t\t\t\t\t<div class=\"elementor-column elementor-col-100 elementor-top-column elementor-element elementor-element-cd21d45\" data-id=\"cd21d45\" data-element_type=\"column\">\n\t\t\t<div class=\"elementor-column-wrap elementor-element-populated\">\n\t\t\t\t\t\t\t<div class=\"elementor-widget-wrap\">\n\t\t\t\t\t\t<div class=\"elementor-element elementor-element-6b7c893 elementor-widget elementor-widget-heading\" data-id=\"6b7c893\" data-element_type=\"widget\" data-widget_type=\"heading.default\">\n\t\t\t\t<div class=\"elementor-widget-container\">\n\t\t\t<h2 class=\"elementor-heading-title elementor-size-default\">Pol\u00edtica de Privacidade<\/h2>\t\t<\/div>\n\t\t\t\t<\/div>\n\t\t\t\t\t\t<\/div>\n\t\t\t\t\t<\/div>\n\t\t<\/div>\n\t\t\t\t\t\t\t\t<\/div>\n\t\t\t\t\t<\/div>\n\t\t<\/section>\n\t\t\t\t<section class=\"elementor-section elementor-top-section elementor-element elementor-element-77b2cee elementor-section-boxed elementor-section-height-default elementor-section-height-default\" data-id=\"77b2cee\" data-element_type=\"section\">\n\t\t\t\t\t\t<div class=\"elementor-container elementor-column-gap-default\">\n\t\t\t\t\t\t\t<div class=\"elementor-row\">\n\t\t\t\t\t<div class=\"elementor-column elementor-col-100 elementor-top-column elementor-element elementor-element-1d5ed7f\" data-id=\"1d5ed7f\" data-element_type=\"column\">\n\t\t\t<div class=\"elementor-column-wrap elementor-element-populated\">\n\t\t\t\t\t\t\t<div class=\"elementor-widget-wrap\">\n\t\t\t\t\t\t<div class=\"elementor-element elementor-element-7bd3123 elementor-widget-divider--view-line elementor-widget elementor-widget-divider\" data-id=\"7bd3123\" data-element_type=\"widget\" data-widget_type=\"divider.default\">\n\t\t\t\t<div class=\"elementor-widget-container\">\n\t\t\t\t\t<div class=\"elementor-divider\">\n\t\t\t<span class=\"elementor-divider-separator\">\n\t\t\t\t\t\t<\/span>\n\t\t<\/div>\n\t\t\t\t<\/div>\n\t\t\t\t<\/div>\n\t\t\t\t<div class=\"elementor-element elementor-element-f130509 elementor-widget-divider--view-line elementor-widget elementor-widget-divider\" data-id=\"f130509\" data-element_type=\"widget\" data-widget_type=\"divider.default\">\n\t\t\t\t<div class=\"elementor-widget-container\">\n\t\t\t\t\t<div class=\"elementor-divider\">\n\t\t\t<span class=\"elementor-divider-separator\">\n\t\t\t\t\t\t<\/span>\n\t\t<\/div>\n\t\t\t\t<\/div>\n\t\t\t\t<\/div>\n\t\t\t\t<div class=\"elementor-element elementor-element-847fdc1 elementor-widget elementor-widget-heading\" data-id=\"847fdc1\" data-element_type=\"widget\" data-widget_type=\"heading.default\">\n\t\t\t\t<div class=\"elementor-widget-container\">\n\t\t\t<h2 class=\"elementor-heading-title elementor-size-default\">Pol\u00edtica de Privacidade SGE<\/h2>\t\t<\/div>\n\t\t\t\t<\/div>\n\t\t\t\t<div class=\"elementor-element elementor-element-56aed24 elementor-widget elementor-widget-text-editor\" data-id=\"56aed24\" data-element_type=\"widget\" data-widget_type=\"text-editor.default\">\n\t\t\t\t<div class=\"elementor-widget-container\">\n\t\t\t\t\t\t\t\t<div class=\"elementor-text-editor elementor-clearfix\">\n\t\t\t\t<p>A sua privacidade \u00e9 importante para n\u00f3s. \u00c9 pol\u00edtica do Silver Ground Engenharia respeitar a sua privacidade em rela\u00e7\u00e3o a qualquer informa\u00e7\u00e3o sua que possamos coletar no site\u00a0<a href=\"https:\/\/solmaisenergia.pt\/en\/\">Silver Ground Engenharia<\/a>, e outros sites que possu\u00edmos e operamos.<\/p><p>Solicitamos informa\u00e7\u00f5es pessoais apenas quando realmente precisamos delas para lhe fornecer um servi\u00e7o. Fazemo-lo por meios justos e legais, com o seu conhecimento e consentimento. Tamb\u00e9m informamos por que estamos coletando e como ser\u00e1 usado.<\/p><p>Apenas retemos as informa\u00e7\u00f5es coletadas pelo tempo necess\u00e1rio para fornecer o servi\u00e7o solicitado. Quando armazenamos dados, protegemos dentro de meios comercialmente aceit\u00e1veis \u200b\u200bpara evitar perdas e roubos, bem como acesso, divulga\u00e7\u00e3o, c\u00f3pia, uso ou modifica\u00e7\u00e3o n\u00e3o autorizados.<\/p><p>N\u00e3o compartilhamos informa\u00e7\u00f5es de identifica\u00e7\u00e3o pessoal publicamente ou com terceiros, exceto quando exigido por lei.<\/p><p>O nosso site pode ter links para sites externos que n\u00e3o s\u00e3o operados por n\u00f3s. Esteja ciente de que n\u00e3o temos controle sobre o conte\u00fado e pr\u00e1ticas desses sites e n\u00e3o podemos aceitar responsabilidade por suas respectivas\u00a0<a href=\"https:\/\/politicaprivacidade.com\/\" target=\"_BLANK\">pol\u00edticas de privacidade<\/a>.<\/p><p>Voc\u00ea \u00e9 livre para recusar a nossa solicita\u00e7\u00e3o de informa\u00e7\u00f5es pessoais, entendendo que talvez n\u00e3o possamos fornecer alguns dos servi\u00e7os desejados.<\/p><p>O uso continuado de nosso site ser\u00e1 considerado como aceita\u00e7\u00e3o de nossas pr\u00e1ticas em torno de privacidade e informa\u00e7\u00f5es pessoais. Se voc\u00ea tiver alguma d\u00favida sobre como lidamos com dados do usu\u00e1rio e informa\u00e7\u00f5es pessoais, entre em contacto connosco.<\/p>\t\t\t\t\t<\/div>\n\t\t\t\t\t\t<\/div>\n\t\t\t\t<\/div>\n\t\t\t\t\t\t<\/div>\n\t\t\t\t\t<\/div>\n\t\t<\/div>\n\t\t\t\t\t\t\t\t<\/div>\n\t\t\t\t\t<\/div>\n\t\t<\/section>\n\t\t\t\t\t\t\t\t\t<\/div>\n\t\t\t<\/div>\n\t\t\t\t\t<\/div>","protected":false},"excerpt":{"rendered":"<p>Pol\u00edtica de Privacidade Pol\u00edtica de Privacidade SGE A sua privacidade \u00e9 importante para n\u00f3s. \u00c9 pol\u00edtica do Silver Ground Engenharia respeitar a sua privacidade em rela\u00e7\u00e3o a qualquer informa\u00e7\u00e3o sua que possamos coletar no site\u00a0Silver Ground Engenharia, e outros sites que possu\u00edmos e operamos. Solicitamos informa\u00e7\u00f5es pessoais apenas quando realmente precisamos delas para lhe fornecer [&hellip;]<\/p>","protected":false},"author":1,"featured_media":0,"parent":0,"menu_order":0,"comment_status":"closed","ping_status":"closed","template":"","meta":{"footnotes":""},"class_list":["post-986","page","type-page","status-publish","hentry"],"yoast_head":"<!-- This site is optimized with the Yoast SEO plugin v23.1 - https:\/\/yoast.com\/wordpress\/plugins\/seo\/ -->\n<title>Pol\u00edtica Privacidade - Sol Mais Energia<\/title>\n<meta name=\"robots\" content=\"index, follow, max-snippet:-1, max-image-preview:large, max-video-preview:-1\" \/>\n<link rel=\"canonical\" href=\"https:\/\/solmaisenergia.pt\/en\/politica-privacidade\/\" \/>\n<meta property=\"og:locale\" content=\"en_US\" \/>\n<meta property=\"og:type\" content=\"article\" \/>\n<meta property=\"og:title\" content=\"Pol\u00edtica Privacidade - Sol Mais Energia\" \/>\n<meta property=\"og:description\" content=\"Pol\u00edtica de Privacidade Pol\u00edtica de Privacidade SGE A sua privacidade \u00e9 importante para n\u00f3s. \u00c9 pol\u00edtica do Silver Ground Engenharia respeitar a sua privacidade em rela\u00e7\u00e3o a qualquer informa\u00e7\u00e3o sua que possamos coletar no site\u00a0Silver Ground Engenharia, e outros sites que possu\u00edmos e operamos. Solicitamos informa\u00e7\u00f5es pessoais apenas quando realmente precisamos delas para lhe fornecer [&hellip;]\" \/>\n<meta property=\"og:url\" content=\"https:\/\/solmaisenergia.pt\/en\/politica-privacidade\/\" \/>\n<meta property=\"og:site_name\" content=\"Sol Mais Energia\" \/>\n<meta property=\"article:publisher\" content=\"https:\/\/www.facebook.com\/solmaisenergia.pt\" \/>\n<meta property=\"article:modified_time\" content=\"2022-06-26T11:32:56+00:00\" \/>\n<meta name=\"twitter:card\" content=\"summary_large_image\" \/>\n<meta name=\"twitter:label1\" content=\"Est. reading time\" \/>\n\t<meta name=\"twitter:data1\" content=\"1 minute\" \/>\n<script type=\"application\/ld+json\" class=\"yoast-schema-graph\">{\"@context\":\"https:\/\/schema.org\",\"@graph\":[{\"@type\":\"WebPage\",\"@id\":\"https:\/\/solmaisenergia.pt\/politica-privacidade\/\",\"url\":\"https:\/\/solmaisenergia.pt\/politica-privacidade\/\",\"name\":\"Pol\u00edtica Privacidade - Sol Mais Energia\",\"isPartOf\":{\"@id\":\"https:\/\/solmaisenergia.pt\/#website\"},\"datePublished\":\"2021-02-25T15:34:29+00:00\",\"dateModified\":\"2022-06-26T11:32:56+00:00\",\"breadcrumb\":{\"@id\":\"https:\/\/solmaisenergia.pt\/politica-privacidade\/#breadcrumb\"},\"inLanguage\":\"en-US\",\"potentialAction\":[{\"@type\":\"ReadAction\",\"target\":[\"https:\/\/solmaisenergia.pt\/politica-privacidade\/\"]}]},{\"@type\":\"BreadcrumbList\",\"@id\":\"https:\/\/solmaisenergia.pt\/politica-privacidade\/#breadcrumb\",\"itemListElement\":[{\"@type\":\"ListItem\",\"position\":1,\"name\":\"In\u00edcio\",\"item\":\"https:\/\/solmaisenergia.pt\/\"},{\"@type\":\"ListItem\",\"position\":2,\"name\":\"Pol\u00edtica Privacidade\"}]},{\"@type\":\"WebSite\",\"@id\":\"https:\/\/solmaisenergia.pt\/#website\",\"url\":\"https:\/\/solmaisenergia.pt\/\",\"name\":\"Sol Mais Energia\",\"description\":\"Solu\u00e7\u00f5es especializadas em autoconsumo fotovoltaico\",\"publisher\":{\"@id\":\"https:\/\/solmaisenergia.pt\/#organization\"},\"potentialAction\":[{\"@type\":\"SearchAction\",\"target\":{\"@type\":\"EntryPoint\",\"urlTemplate\":\"https:\/\/solmaisenergia.pt\/?s={search_term_string}\"},\"query-input\":\"required name=search_term_string\"}],\"inLanguage\":\"en-US\"},{\"@type\":\"Organization\",\"@id\":\"https:\/\/solmaisenergia.pt\/#organization\",\"name\":\"Sol Mais Energia\",\"url\":\"https:\/\/solmaisenergia.pt\/\",\"logo\":{\"@type\":\"ImageObject\",\"inLanguage\":\"en-US\",\"@id\":\"https:\/\/solmaisenergia.pt\/#\/schema\/logo\/image\/\",\"url\":\"https:\/\/solmaisenergia.pt\/wp-content\/uploads\/2022\/06\/Untitled-4.png\",\"contentUrl\":\"https:\/\/solmaisenergia.pt\/wp-content\/uploads\/2022\/06\/Untitled-4.png\",\"width\":318,\"height\":250,\"caption\":\"Sol Mais Energia\"},\"image\":{\"@id\":\"https:\/\/solmaisenergia.pt\/#\/schema\/logo\/image\/\"},\"sameAs\":[\"https:\/\/www.facebook.com\/solmaisenergia.pt\",\"https:\/\/www.instagram.com\/solmaisenergiapt\/\",\"https:\/\/www.linkedin.com\/company\/sol-mais-energia\/\"]}]}<\/script>\n<!-- \/ Yoast SEO plugin. -->","yoast_head_json":{"title":"Pol\u00edtica Privacidade - Sol Mais Energia","robots":{"index":"index","follow":"follow","max-snippet":"max-snippet:-1","max-image-preview":"max-image-preview:large","max-video-preview":"max-video-preview:-1"},"canonical":"https:\/\/solmaisenergia.pt\/en\/politica-privacidade\/","og_locale":"en_US","og_type":"article","og_title":"Pol\u00edtica Privacidade - Sol Mais Energia","og_description":"Pol\u00edtica de Privacidade Pol\u00edtica de Privacidade SGE A sua privacidade \u00e9 importante para n\u00f3s. \u00c9 pol\u00edtica do Silver Ground Engenharia respeitar a sua privacidade em rela\u00e7\u00e3o a qualquer informa\u00e7\u00e3o sua que possamos coletar no site\u00a0Silver Ground Engenharia, e outros sites que possu\u00edmos e operamos. Solicitamos informa\u00e7\u00f5es pessoais apenas quando realmente precisamos delas para lhe fornecer [&hellip;]","og_url":"https:\/\/solmaisenergia.pt\/en\/politica-privacidade\/","og_site_name":"Sol Mais Energia","article_publisher":"https:\/\/www.facebook.com\/solmaisenergia.pt","article_modified_time":"2022-06-26T11:32:56+00:00","twitter_card":"summary_large_image","twitter_misc":{"Est. reading time":"1 minute"},"schema":{"@context":"https:\/\/schema.org","@graph":[{"@type":"WebPage","@id":"https:\/\/solmaisenergia.pt\/politica-privacidade\/","url":"https:\/\/solmaisenergia.pt\/politica-privacidade\/","name":"Pol\u00edtica Privacidade - Sol Mais Energia","isPartOf":{"@id":"https:\/\/solmaisenergia.pt\/#website"},"datePublished":"2021-02-25T15:34:29+00:00","dateModified":"2022-06-26T11:32:56+00:00","breadcrumb":{"@id":"https:\/\/solmaisenergia.pt\/politica-privacidade\/#breadcrumb"},"inLanguage":"en-US","potentialAction":[{"@type":"ReadAction","target":["https:\/\/solmaisenergia.pt\/politica-privacidade\/"]}]},{"@type":"BreadcrumbList","@id":"https:\/\/solmaisenergia.pt\/politica-privacidade\/#breadcrumb","itemListElement":[{"@type":"ListItem","position":1,"name":"In\u00edcio","item":"https:\/\/solmaisenergia.pt\/"},{"@type":"ListItem","position":2,"name":"Pol\u00edtica Privacidade"}]},{"@type":"WebSite","@id":"https:\/\/solmaisenergia.pt\/#website","url":"https:\/\/solmaisenergia.pt\/","name":"Sol Mais Energia","description":"Solu\u00e7\u00f5es especializadas em autoconsumo fotovoltaico","publisher":{"@id":"https:\/\/solmaisenergia.pt\/#organization"},"potentialAction":[{"@type":"SearchAction","target":{"@type":"EntryPoint","urlTemplate":"https:\/\/solmaisenergia.pt\/?s={search_term_string}"},"query-input":"required name=search_term_string"}],"inLanguage":"en-US"},{"@type":"Organization","@id":"https:\/\/solmaisenergia.pt\/#organization","name":"Sol Mais Energia","url":"https:\/\/solmaisenergia.pt\/","logo":{"@type":"ImageObject","inLanguage":"en-US","@id":"https:\/\/solmaisenergia.pt\/#\/schema\/logo\/image\/","url":"https:\/\/solmaisenergia.pt\/wp-content\/uploads\/2022\/06\/Untitled-4.png","contentUrl":"https:\/\/solmaisenergia.pt\/wp-content\/uploads\/2022\/06\/Untitled-4.png","width":318,"height":250,"caption":"Sol Mais Energia"},"image":{"@id":"https:\/\/solmaisenergia.pt\/#\/schema\/logo\/image\/"},"sameAs":["https:\/\/www.facebook.com\/solmaisenergia.pt","https:\/\/www.instagram.com\/solmaisenergiapt\/","https:\/\/www.linkedin.com\/company\/sol-mais-energia\/"]}]}},"_links":{"self":[{"href":"https:\/\/solmaisenergia.pt\/en\/wp-json\/wp\/v2\/pages\/986"}],"collection":[{"href":"https:\/\/solmaisenergia.pt\/en\/wp-json\/wp\/v2\/pages"}],"about":[{"href":"https:\/\/solmaisenergia.pt\/en\/wp-json\/wp\/v2\/types\/page"}],"author":[{"embeddable":true,"href":"https:\/\/solmaisenergia.pt\/en\/wp-json\/wp\/v2\/users\/1"}],"replies":[{"embeddable":true,"href":"https:\/\/solmaisenergia.pt\/en\/wp-json\/wp\/v2\/comments?post=986"}],"version-history":[{"count":3,"href":"https:\/\/solmaisenergia.pt\/en\/wp-json\/wp\/v2\/pages\/986\/revisions"}],"predecessor-version":[{"id":1522,"href":"https:\/\/solmaisenergia.pt\/en\/wp-json\/wp\/v2\/pages\/986\/revisions\/1522"}],"wp:attachment":[{"href":"https:\/\/solmaisenergia.pt\/en\/wp-json\/wp\/v2\/media?parent=986"}],"curies":[{"name":"wp","href":"https:\/\/api.w.org\/{rel}","templated":true}]}}