{"id":671,"date":"2021-02-11T16:49:12","date_gmt":"2021-02-11T16:49:12","guid":{"rendered":"https:\/\/solmaisenergia.pt\/?page_id=671"},"modified":"2025-10-18T17:33:15","modified_gmt":"2025-10-18T17:33:15","slug":"contactos","status":"publish","type":"page","link":"https:\/\/solmaisenergia.pt\/en\/contactos\/","title":{"rendered":"Contacts"},"content":{"rendered":"<div data-elementor-type=\"wp-page\" data-elementor-id=\"671\" class=\"elementor elementor-671\">\n\t\t\t\t\t\t<div class=\"elementor-inner\">\n\t\t\t\t<div class=\"elementor-section-wrap\">\n\t\t\t\t\t\t\t\t\t<section class=\"elementor-section elementor-top-section elementor-element elementor-element-6cf1c89 elementor-section-full_width elementor-section-height-min-height elementor-section-stretched elementor-section-height-default elementor-section-items-middle\" data-id=\"6cf1c89\" data-element_type=\"section\" data-settings=\"{&quot;stretch_section&quot;:&quot;section-stretched&quot;,&quot;background_background&quot;:&quot;classic&quot;}\">\n\t\t\t\t\t\t\t<div class=\"elementor-background-overlay\"><\/div>\n\t\t\t\t\t\t\t<div class=\"elementor-container elementor-column-gap-default\">\n\t\t\t\t\t\t\t<div class=\"elementor-row\">\n\t\t\t\t\t<div class=\"elementor-column elementor-col-100 elementor-top-column elementor-element elementor-element-a6eaa2b\" data-id=\"a6eaa2b\" data-element_type=\"column\">\n\t\t\t<div class=\"elementor-column-wrap elementor-element-populated\">\n\t\t\t\t\t\t\t<div class=\"elementor-widget-wrap\">\n\t\t\t\t\t\t<div class=\"elementor-element elementor-element-0cce6fe elementor-widget elementor-widget-google_maps\" data-id=\"0cce6fe\" data-element_type=\"widget\" data-widget_type=\"google_maps.default\">\n\t\t\t\t<div class=\"elementor-widget-container\">\n\t\t\t\t\t<div class=\"elementor-custom-embed\">\n\t\t\t<iframe frameborder=\"0\" scrolling=\"no\" marginheight=\"0\" marginwidth=\"0\"\n\t\t\t\t\tsrc=\"https:\/\/maps.google.com\/maps?q=Sol%20Mais%20Energia%20R.%20dos%20Ex%20-%20Combatentes%20do%20Ultramar%2C%202005-246%20Santar%C3%A9m&#038;t=m&#038;z=18&#038;output=embed&#038;iwloc=near\"\n\t\t\t\t\ttitle=\"Sol Mais Energia R. dos Ex - Combatentes do Ultramar, 2005-246 Santar\u00e9m\"\n\t\t\t\t\taria-label=\"Sol Mais Energia R. dos Ex - Combatentes do Ultramar, 2005-246 Santar\u00e9m\"\n\t\t\t><\/iframe>\n\t\t<\/div>\n\t\t\t\t<\/div>\n\t\t\t\t<\/div>\n\t\t\t\t\t\t<\/div>\n\t\t\t\t\t<\/div>\n\t\t<\/div>\n\t\t\t\t\t\t\t\t<\/div>\n\t\t\t\t\t<\/div>\n\t\t<\/section>\n\t\t\t\t<section class=\"elementor-section elementor-top-section elementor-element elementor-element-abdab39 elementor-section-boxed elementor-section-height-default elementor-section-height-default\" data-id=\"abdab39\" data-element_type=\"section\">\n\t\t\t\t\t\t<div class=\"elementor-container elementor-column-gap-default\">\n\t\t\t\t\t\t\t<div class=\"elementor-row\">\n\t\t\t\t\t<div class=\"elementor-column elementor-col-100 elementor-top-column elementor-element elementor-element-7939589\" data-id=\"7939589\" data-element_type=\"column\">\n\t\t\t<div class=\"elementor-column-wrap elementor-element-populated\">\n\t\t\t\t\t\t\t<div class=\"elementor-widget-wrap\">\n\t\t\t\t\t\t<div class=\"elementor-element elementor-element-634d885 elementor-widget-divider--view-line elementor-widget elementor-widget-divider\" data-id=\"634d885\" data-element_type=\"widget\" data-widget_type=\"divider.default\">\n\t\t\t\t<div class=\"elementor-widget-container\">\n\t\t\t\t\t<div class=\"elementor-divider\">\n\t\t\t<span class=\"elementor-divider-separator\">\n\t\t\t\t\t\t<\/span>\n\t\t<\/div>\n\t\t\t\t<\/div>\n\t\t\t\t<\/div>\n\t\t\t\t<div class=\"elementor-element elementor-element-cfdb7e6 elementor-widget-divider--view-line elementor-widget elementor-widget-divider\" data-id=\"cfdb7e6\" data-element_type=\"widget\" data-widget_type=\"divider.default\">\n\t\t\t\t<div class=\"elementor-widget-container\">\n\t\t\t\t\t<div class=\"elementor-divider\">\n\t\t\t<span class=\"elementor-divider-separator\">\n\t\t\t\t\t\t<\/span>\n\t\t<\/div>\n\t\t\t\t<\/div>\n\t\t\t\t<\/div>\n\t\t\t\t<div class=\"elementor-element elementor-element-5aa89ae elementor-widget elementor-widget-heading\" data-id=\"5aa89ae\" data-element_type=\"widget\" data-widget_type=\"heading.default\">\n\t\t\t\t<div class=\"elementor-widget-container\">\n\t\t\t<h2 class=\"elementor-heading-title elementor-size-default\">Contact us<\/h2>\t\t<\/div>\n\t\t\t\t<\/div>\n\t\t\t\t\t\t<\/div>\n\t\t\t\t\t<\/div>\n\t\t<\/div>\n\t\t\t\t\t\t\t\t<\/div>\n\t\t\t\t\t<\/div>\n\t\t<\/section>\n\t\t\t\t<section class=\"elementor-section elementor-top-section elementor-element elementor-element-5259516 elementor-section-boxed elementor-section-height-default elementor-section-height-default\" data-id=\"5259516\" data-element_type=\"section\">\n\t\t\t\t\t\t<div class=\"elementor-container elementor-column-gap-default\">\n\t\t\t\t\t\t\t<div class=\"elementor-row\">\n\t\t\t\t\t<div class=\"elementor-column elementor-col-50 elementor-top-column elementor-element elementor-element-eb91ada\" data-id=\"eb91ada\" data-element_type=\"column\">\n\t\t\t<div class=\"elementor-column-wrap elementor-element-populated\">\n\t\t\t\t\t\t\t<div class=\"elementor-widget-wrap\">\n\t\t\t\t\t\t<div class=\"elementor-element elementor-element-b3dd699 elementor-view-framed elementor-position-left elementor-vertical-align-middle elementor-shape-circle elementor-mobile-position-top elementor-widget elementor-widget-icon-box\" data-id=\"b3dd699\" data-element_type=\"widget\" data-widget_type=\"icon-box.default\">\n\t\t\t\t<div class=\"elementor-widget-container\">\n\t\t\t\t\t<div class=\"elementor-icon-box-wrapper\">\n\t\t\t\t\t\t<div class=\"elementor-icon-box-icon\">\n\t\t\t\t<span class=\"elementor-icon elementor-animation-\" >\n\t\t\t\t<i aria-hidden=\"true\" class=\"fas fa-phone-alt\"><\/i>\t\t\t\t<\/span>\n\t\t\t<\/div>\n\t\t\t\t\t\t<div class=\"elementor-icon-box-content\">\n\t\t\t\t<p class=\"elementor-icon-box-title\">\n\t\t\t\t\t<span  >\n\t\t\t\t\t\tTelephone\t\t\t\t\t<\/span>\n\t\t\t\t<\/p>\n\t\t\t\t\t\t\t\t\t<p class=\"elementor-icon-box-description\">\n\t\t\t\t\t\tDepartamento Comercial: <a href=\"tel:928110589\">928 110 589<\/a><br\/>Departamento Engenharia: <a href=\"tel:917914759\">917 914 759<\/a><br\/>Departamento T\u00e9cnico: <a href=\"tel:928110299\">928 110 299<\/a>\t\t\t\t\t<\/p>\n\t\t\t\t\t\t\t<\/div>\n\t\t<\/div>\n\t\t\t\t<\/div>\n\t\t\t\t<\/div>\n\t\t\t\t<div class=\"elementor-element elementor-element-6585a87 elementor-widget elementor-widget-spacer\" data-id=\"6585a87\" data-element_type=\"widget\" data-widget_type=\"spacer.default\">\n\t\t\t\t<div class=\"elementor-widget-container\">\n\t\t\t\t\t<div class=\"elementor-spacer\">\n\t\t\t<div class=\"elementor-spacer-inner\"><\/div>\n\t\t<\/div>\n\t\t\t\t<\/div>\n\t\t\t\t<\/div>\n\t\t\t\t<div class=\"elementor-element elementor-element-d0619c0 elementor-view-framed elementor-position-left elementor-vertical-align-middle elementor-shape-circle elementor-mobile-position-top elementor-widget elementor-widget-icon-box\" data-id=\"d0619c0\" data-element_type=\"widget\" data-widget_type=\"icon-box.default\">\n\t\t\t\t<div class=\"elementor-widget-container\">\n\t\t\t\t\t<div class=\"elementor-icon-box-wrapper\">\n\t\t\t\t\t\t<div class=\"elementor-icon-box-icon\">\n\t\t\t\t<span class=\"elementor-icon elementor-animation-\" >\n\t\t\t\t<i aria-hidden=\"true\" class=\"fas fa-envelope\"><\/i>\t\t\t\t<\/span>\n\t\t\t<\/div>\n\t\t\t\t\t\t<div class=\"elementor-icon-box-content\">\n\t\t\t\t<p class=\"elementor-icon-box-title\">\n\t\t\t\t\t<span  >\n\t\t\t\t\t\tE-mail\t\t\t\t\t<\/span>\n\t\t\t\t<\/p>\n\t\t\t\t\t\t\t\t\t<p class=\"elementor-icon-box-description\">\n\t\t\t\t\t\t<a href=\"mailto:geral@solmaisenergia.pt\"> geral@solmaisenergia.pt<\/a>\t\t\t\t\t<\/p>\n\t\t\t\t\t\t\t<\/div>\n\t\t<\/div>\n\t\t\t\t<\/div>\n\t\t\t\t<\/div>\n\t\t\t\t<div class=\"elementor-element elementor-element-5f3547d elementor-widget elementor-widget-spacer\" data-id=\"5f3547d\" data-element_type=\"widget\" data-widget_type=\"spacer.default\">\n\t\t\t\t<div class=\"elementor-widget-container\">\n\t\t\t\t\t<div class=\"elementor-spacer\">\n\t\t\t<div class=\"elementor-spacer-inner\"><\/div>\n\t\t<\/div>\n\t\t\t\t<\/div>\n\t\t\t\t<\/div>\n\t\t\t\t<div class=\"elementor-element elementor-element-910b323 elementor-view-framed elementor-position-left elementor-vertical-align-middle elementor-shape-circle elementor-mobile-position-top elementor-widget elementor-widget-icon-box\" data-id=\"910b323\" data-element_type=\"widget\" data-widget_type=\"icon-box.default\">\n\t\t\t\t<div class=\"elementor-widget-container\">\n\t\t\t\t\t<div class=\"elementor-icon-box-wrapper\">\n\t\t\t\t\t\t<div class=\"elementor-icon-box-icon\">\n\t\t\t\t<a class=\"elementor-icon elementor-animation-\" href=\"https:\/\/www.google.com\/maps\/place\/Sol+Mais+Energia\/@39.2419954,-8.6911983,17z\/data=!3m1!4b1!4m16!1m9!4m8!1m0!1m6!1m2!1s0xd18ef04669aae93:0xac2346339b486fdf!2sAv.+Bernardo+Santareno+6,+2005-177+Santar%C3%A9m!2m2!1d-8.6886173!2d39.241987!3m5!1s0xd18ef04669aae93:0xac2346339b486fdf!8m2!3d39.2419954!4d-8.6886234!16s%2Fg%2F11k99yfrjq?entry=ttu&#038;g_ep=EgoyMDI1MDMxMC4wIKXMDSoASAFQAw%3D%3D\">\n\t\t\t\t<i aria-hidden=\"true\" class=\"fas fa-map-marked-alt\"><\/i>\t\t\t\t<\/a>\n\t\t\t<\/div>\n\t\t\t\t\t\t<div class=\"elementor-icon-box-content\">\n\t\t\t\t<p class=\"elementor-icon-box-title\">\n\t\t\t\t\t<a href=\"https:\/\/www.google.com\/maps\/place\/Sol+Mais+Energia\/@39.2419954,-8.6911983,17z\/data=!3m1!4b1!4m16!1m9!4m8!1m0!1m6!1m2!1s0xd18ef04669aae93:0xac2346339b486fdf!2sAv.+Bernardo+Santareno+6,+2005-177+Santar%C3%A9m!2m2!1d-8.6886173!2d39.241987!3m5!1s0xd18ef04669aae93:0xac2346339b486fdf!8m2!3d39.2419954!4d-8.6886234!16s%2Fg%2F11k99yfrjq?entry=ttu&#038;g_ep=EgoyMDI1MDMxMC4wIKXMDSoASAFQAw%3D%3D\" >\n\t\t\t\t\t\tLocation\t\t\t\t\t<\/a>\n\t\t\t\t<\/p>\n\t\t\t\t\t\t\t\t\t<p class=\"elementor-icon-box-description\">\n\t\t\t\t\t\tAv. Bernardo Santareno 6<br\/>2005-177 Santar\u00e9m\t\t\t\t\t<\/p>\n\t\t\t\t\t\t\t<\/div>\n\t\t<\/div>\n\t\t\t\t<\/div>\n\t\t\t\t<\/div>\n\t\t\t\t\t\t<\/div>\n\t\t\t\t\t<\/div>\n\t\t<\/div>\n\t\t\t\t<div class=\"elementor-column elementor-col-50 elementor-top-column elementor-element elementor-element-9402e86\" data-id=\"9402e86\" data-element_type=\"column\">\n\t\t\t<div class=\"elementor-column-wrap elementor-element-populated\">\n\t\t\t\t\t\t\t<div class=\"elementor-widget-wrap\">\n\t\t\t\t\t\t<div class=\"elementor-element elementor-element-39527ca eael-contact-form-7-button-full-width elementor-widget elementor-widget-eael-contact-form-7\" data-id=\"39527ca\" data-element_type=\"widget\" data-widget_type=\"eael-contact-form-7.default\">\n\t\t\t\t<div class=\"elementor-widget-container\">\n\t\t\t<div class=\"eael-contact-form-7-wrapper\">\n                <div class=\"eael-contact-form eael-contact-form-7 eael-contact-form-39527ca placeholder-show eael-contact-form-align-default\">\n<div class=\"wpcf7 no-js\" id=\"wpcf7-f367-o1\" lang=\"pt-PT\" dir=\"ltr\">\n<div class=\"screen-reader-response\"><p role=\"status\" aria-live=\"polite\" aria-atomic=\"true\"><\/p> <ul><\/ul><\/div>\n<form action=\"\/en\/wp-json\/wp\/v2\/pages\/671#wpcf7-f367-o1\" method=\"post\" class=\"wpcf7-form init\" aria-label=\"Formul\u00e1rio de contacto\" novalidate=\"novalidate\" data-status=\"init\" data-trp-original-action=\"\/en\/wp-json\/wp\/v2\/pages\/671#wpcf7-f367-o1\">\n<div style=\"display: none;\">\n<input type=\"hidden\" name=\"_wpcf7\" value=\"367\" \/>\n<input type=\"hidden\" name=\"_wpcf7_version\" value=\"5.9.3\" \/>\n<input type=\"hidden\" name=\"_wpcf7_locale\" value=\"pt_PT\" \/>\n<input type=\"hidden\" name=\"_wpcf7_unit_tag\" value=\"wpcf7-f367-o1\" \/>\n<input type=\"hidden\" name=\"_wpcf7_container_post\" value=\"0\" \/>\n<input type=\"hidden\" name=\"_wpcf7_posted_data_hash\" value=\"\" \/>\n<\/div>\n<style>\n.wpcf7-textarea {\nmin-width: 100%;\nmax-height: 210px;\n}\n\n.wpcf7-text {\nmin-width: 100%;\n}\n\ninput[type=submit] {\n background-color: #ff6633 !important;\n border-color: #ff6633 !important;\nmax-width: 100%;\n}\n<\/style>\n<p><span class=\"wpcf7-form-control-wrap\" data-name=\"nome2\"><input size=\"40\" class=\"wpcf7-form-control wpcf7-text wpcf7-validates-as-required\" aria-required=\"true\" aria-invalid=\"false\" placeholder=\"Name\" value=\"\" type=\"text\" name=\"nome2\" \/><\/span>\n<\/p>\n<p><span class=\"wpcf7-form-control-wrap\" data-name=\"email2\"><input size=\"40\" class=\"wpcf7-form-control wpcf7-email wpcf7-validates-as-required wpcf7-text wpcf7-validates-as-email\" aria-required=\"true\" aria-invalid=\"false\" placeholder=\"Email\" value=\"\" type=\"email\" name=\"email2\" \/><\/span>\n<\/p>\n<p><span class=\"wpcf7-form-control-wrap\" data-name=\"telefone\"><input size=\"40\" class=\"wpcf7-form-control wpcf7-tel wpcf7-validates-as-required wpcf7-text wpcf7-validates-as-tel\" aria-required=\"true\" aria-invalid=\"false\" placeholder=\"Telem\u00f3vel\" value=\"\" type=\"tel\" name=\"telefone\" \/><\/span>\n<\/p>\n<p><span class=\"wpcf7-form-control-wrap\" data-name=\"text-645\"><input size=\"40\" class=\"wpcf7-form-control wpcf7-text wpcf7-validates-as-required\" aria-required=\"true\" aria-invalid=\"false\" placeholder=\"Localidade\" value=\"\" type=\"text\" name=\"text-645\" \/><\/span>\n<\/p>\n<p><span class=\"wpcf7-form-control-wrap\" data-name=\"your-subject\"><input size=\"40\" class=\"wpcf7-form-control wpcf7-text wpcf7-validates-as-required\" aria-required=\"true\" aria-invalid=\"false\" placeholder=\"Subject\" value=\"\" type=\"text\" name=\"your-subject\" \/><\/span>\n<\/p>\n<p><span class=\"wpcf7-form-control-wrap\" data-name=\"your-message\"><textarea cols=\"40\" rows=\"10\" class=\"wpcf7-form-control wpcf7-textarea wpcf7-validates-as-required\" aria-required=\"true\" aria-invalid=\"false\" placeholder=\"Your Message\" name=\"your-message\"><\/textarea><\/span>\n<\/p>\n<p><label> Como nos encontrou?<br \/>\n<span class=\"wpcf7-form-control-wrap\" data-name=\"menu-702\"><select class=\"wpcf7-form-control wpcf7-select wpcf7-validates-as-required\" aria-required=\"true\" aria-invalid=\"false\" multiple=\"multiple\" name=\"menu-702[]\"><option value=\"\">&#8212;Por favor escolha uma op\u00e7\u00e3o&#8212;<\/option><option value=\"Redes Sociais\">Redes Sociais<\/option><option value=\"Canais online\">Canais online<\/option><option value=\"Google\">Google<\/option><option value=\"Publicidade\">Publicidade<\/option><option value=\"Indica\u00e7\u00e3o e relacionamento\">Indica\u00e7\u00e3o e relacionamento<\/option><option value=\"Parceiro comercial\">Parceiro comercial<\/option><option value=\"Canais offline\">Canais offline<\/option><\/select><\/span> <\/label>\n<\/p>\n<p><input class=\"wpcf7-form-control wpcf7-submit has-spinner\" type=\"submit\" value=\"Submit\" \/>\n<\/p><div class=\"wpcf7-response-output\" aria-hidden=\"true\"><\/div>\n<input type=\"hidden\" name=\"trp-form-language\" value=\"en\"\/><\/form>\n<\/div>\n<\/div>\n            <\/div>\t\t<\/div>\n\t\t\t\t<\/div>\n\t\t\t\t\t\t<\/div>\n\t\t\t\t\t<\/div>\n\t\t<\/div>\n\t\t\t\t\t\t\t\t<\/div>\n\t\t\t\t\t<\/div>\n\t\t<\/section>\n\t\t\t\t<section class=\"elementor-section elementor-top-section elementor-element elementor-element-9f02c72 elementor-section-boxed elementor-section-height-default elementor-section-height-default\" data-id=\"9f02c72\" data-element_type=\"section\">\n\t\t\t\t\t\t<div class=\"elementor-container elementor-column-gap-default\">\n\t\t\t\t\t\t\t<div class=\"elementor-row\">\n\t\t\t\t\t<div class=\"elementor-column elementor-col-100 elementor-top-column elementor-element elementor-element-3594bac\" data-id=\"3594bac\" data-element_type=\"column\">\n\t\t\t<div class=\"elementor-column-wrap elementor-element-populated\">\n\t\t\t\t\t\t\t<div class=\"elementor-widget-wrap\">\n\t\t\t\t\t\t<div class=\"elementor-element elementor-element-eb0a768 elementor-widget elementor-widget-spacer\" data-id=\"eb0a768\" data-element_type=\"widget\" data-widget_type=\"spacer.default\">\n\t\t\t\t<div class=\"elementor-widget-container\">\n\t\t\t\t\t<div class=\"elementor-spacer\">\n\t\t\t<div class=\"elementor-spacer-inner\"><\/div>\n\t\t<\/div>\n\t\t\t\t<\/div>\n\t\t\t\t<\/div>\n\t\t\t\t<div class=\"elementor-element elementor-element-b6ec26d elementor-widget elementor-widget-heading\" data-id=\"b6ec26d\" data-element_type=\"widget\" data-widget_type=\"heading.default\">\n\t\t\t\t<div class=\"elementor-widget-container\">\n\t\t\t<h2 class=\"elementor-heading-title elementor-size-default\">Siga as nossas Redes Sociais<\/h2>\t\t<\/div>\n\t\t\t\t<\/div>\n\t\t\t\t<div class=\"elementor-element elementor-element-3ceb82c elementor-shape-circle elementor-grid-0 e-grid-align-center elementor-widget elementor-widget-social-icons\" data-id=\"3ceb82c\" data-element_type=\"widget\" data-widget_type=\"social-icons.default\">\n\t\t\t\t<div class=\"elementor-widget-container\">\n\t\t\t\t\t<div class=\"elementor-social-icons-wrapper elementor-grid\">\n\t\t\t\t\t\t\t<span class=\"elementor-grid-item\">\n\t\t\t\t\t<a class=\"elementor-icon elementor-social-icon elementor-social-icon-facebook elementor-repeater-item-ee5639a\" href=\"https:\/\/www.facebook.com\/solmaisenergia.pt\" target=\"_blank\">\n\t\t\t\t\t\t<span class=\"elementor-screen-only\">Facebook<\/span>\n\t\t\t\t\t\t<i class=\"fab fa-facebook\"><\/i>\t\t\t\t\t<\/a>\n\t\t\t\t<\/span>\n\t\t\t\t\t\t\t<span class=\"elementor-grid-item\">\n\t\t\t\t\t<a class=\"elementor-icon elementor-social-icon elementor-social-icon-instagram elementor-repeater-item-1020dbe\" href=\"https:\/\/www.instagram.com\/solmaisenergia.pt\/\" target=\"_blank\">\n\t\t\t\t\t\t<span class=\"elementor-screen-only\">Instagram<\/span>\n\t\t\t\t\t\t<i class=\"fab fa-instagram\"><\/i>\t\t\t\t\t<\/a>\n\t\t\t\t<\/span>\n\t\t\t\t\t\t\t<span class=\"elementor-grid-item\">\n\t\t\t\t\t<a class=\"elementor-icon elementor-social-icon elementor-social-icon-whatsapp elementor-repeater-item-d20688b\" href=\"tel: 351917914759\" target=\"_blank\">\n\t\t\t\t\t\t<span class=\"elementor-screen-only\">Whatsapp<\/span>\n\t\t\t\t\t\t<i class=\"fab fa-whatsapp\"><\/i>\t\t\t\t\t<\/a>\n\t\t\t\t<\/span>\n\t\t\t\t\t<\/div>\n\t\t\t\t<\/div>\n\t\t\t\t<\/div>\n\t\t\t\t<div class=\"elementor-element elementor-element-3a6b6f6 elementor-widget elementor-widget-spacer\" data-id=\"3a6b6f6\" data-element_type=\"widget\" data-widget_type=\"spacer.default\">\n\t\t\t\t<div class=\"elementor-widget-container\">\n\t\t\t\t\t<div class=\"elementor-spacer\">\n\t\t\t<div class=\"elementor-spacer-inner\"><\/div>\n\t\t<\/div>\n\t\t\t\t<\/div>\n\t\t\t\t<\/div>\n\t\t\t\t\t\t<\/div>\n\t\t\t\t\t<\/div>\n\t\t<\/div>\n\t\t\t\t\t\t\t\t<\/div>\n\t\t\t\t\t<\/div>\n\t\t<\/section>\n\t\t\t\t\t\t\t\t\t<\/div>\n\t\t\t<\/div>\n\t\t\t\t\t<\/div>","protected":false},"excerpt":{"rendered":"<p>Contacte-nos Telefone Departamento Comercial: 928 110 589Departamento Engenharia: 917 914 759Departamento T\u00e9cnico: 928 110 299 E-mail geral@solmaisenergia.pt Localiza\u00e7\u00e3o Av. Bernardo Santareno 62005-177 Santar\u00e9m Siga as nossas Redes Sociais Facebook Instagram Whatsapp<\/p>","protected":false},"author":1,"featured_media":0,"parent":0,"menu_order":0,"comment_status":"closed","ping_status":"closed","template":"","meta":{"footnotes":""},"class_list":["post-671","page","type-page","status-publish","hentry"],"yoast_head":"<!-- This site is optimized with the Yoast SEO plugin v23.1 - https:\/\/yoast.com\/wordpress\/plugins\/seo\/ -->\n<title>Contactos - Sol Mais Energia<\/title>\n<meta name=\"robots\" content=\"index, follow, max-snippet:-1, max-image-preview:large, max-video-preview:-1\" \/>\n<link rel=\"canonical\" href=\"https:\/\/solmaisenergia.pt\/en\/contactos\/\" \/>\n<meta property=\"og:locale\" content=\"en_US\" \/>\n<meta property=\"og:type\" content=\"article\" \/>\n<meta property=\"og:title\" content=\"Contactos - Sol Mais Energia\" \/>\n<meta property=\"og:description\" content=\"Contacte-nos Telefone Departamento Comercial: 928 110 589Departamento Engenharia: 917 914 759Departamento T\u00e9cnico: 928 110 299 E-mail geral@solmaisenergia.pt Localiza\u00e7\u00e3o Av. Bernardo Santareno 62005-177 Santar\u00e9m Siga as nossas Redes Sociais Facebook Instagram Whatsapp\" \/>\n<meta property=\"og:url\" content=\"https:\/\/solmaisenergia.pt\/en\/contactos\/\" \/>\n<meta property=\"og:site_name\" content=\"Sol Mais Energia\" \/>\n<meta property=\"article:publisher\" content=\"https:\/\/www.facebook.com\/solmaisenergia.pt\" \/>\n<meta property=\"article:modified_time\" content=\"2025-10-18T17:33:15+00:00\" \/>\n<meta name=\"twitter:card\" content=\"summary_large_image\" \/>\n<meta name=\"twitter:label1\" content=\"Est. reading time\" \/>\n\t<meta name=\"twitter:data1\" content=\"1 minute\" \/>\n<script type=\"application\/ld+json\" class=\"yoast-schema-graph\">{\"@context\":\"https:\/\/schema.org\",\"@graph\":[{\"@type\":\"WebPage\",\"@id\":\"https:\/\/solmaisenergia.pt\/contactos\/\",\"url\":\"https:\/\/solmaisenergia.pt\/contactos\/\",\"name\":\"Contactos - Sol Mais Energia\",\"isPartOf\":{\"@id\":\"https:\/\/solmaisenergia.pt\/#website\"},\"datePublished\":\"2021-02-11T16:49:12+00:00\",\"dateModified\":\"2025-10-18T17:33:15+00:00\",\"breadcrumb\":{\"@id\":\"https:\/\/solmaisenergia.pt\/contactos\/#breadcrumb\"},\"inLanguage\":\"en-US\",\"potentialAction\":[{\"@type\":\"ReadAction\",\"target\":[\"https:\/\/solmaisenergia.pt\/contactos\/\"]}]},{\"@type\":\"BreadcrumbList\",\"@id\":\"https:\/\/solmaisenergia.pt\/contactos\/#breadcrumb\",\"itemListElement\":[{\"@type\":\"ListItem\",\"position\":1,\"name\":\"In\u00edcio\",\"item\":\"https:\/\/solmaisenergia.pt\/\"},{\"@type\":\"ListItem\",\"position\":2,\"name\":\"Contactos\"}]},{\"@type\":\"WebSite\",\"@id\":\"https:\/\/solmaisenergia.pt\/#website\",\"url\":\"https:\/\/solmaisenergia.pt\/\",\"name\":\"Sol Mais Energia\",\"description\":\"Solu\u00e7\u00f5es especializadas em autoconsumo fotovoltaico\",\"publisher\":{\"@id\":\"https:\/\/solmaisenergia.pt\/#organization\"},\"potentialAction\":[{\"@type\":\"SearchAction\",\"target\":{\"@type\":\"EntryPoint\",\"urlTemplate\":\"https:\/\/solmaisenergia.pt\/?s={search_term_string}\"},\"query-input\":\"required name=search_term_string\"}],\"inLanguage\":\"en-US\"},{\"@type\":\"Organization\",\"@id\":\"https:\/\/solmaisenergia.pt\/#organization\",\"name\":\"Sol Mais Energia\",\"url\":\"https:\/\/solmaisenergia.pt\/\",\"logo\":{\"@type\":\"ImageObject\",\"inLanguage\":\"en-US\",\"@id\":\"https:\/\/solmaisenergia.pt\/#\/schema\/logo\/image\/\",\"url\":\"https:\/\/solmaisenergia.pt\/wp-content\/uploads\/2022\/06\/Untitled-4.png\",\"contentUrl\":\"https:\/\/solmaisenergia.pt\/wp-content\/uploads\/2022\/06\/Untitled-4.png\",\"width\":318,\"height\":250,\"caption\":\"Sol Mais Energia\"},\"image\":{\"@id\":\"https:\/\/solmaisenergia.pt\/#\/schema\/logo\/image\/\"},\"sameAs\":[\"https:\/\/www.facebook.com\/solmaisenergia.pt\",\"https:\/\/www.instagram.com\/solmaisenergiapt\/\",\"https:\/\/www.linkedin.com\/company\/sol-mais-energia\/\"]}]}<\/script>\n<!-- \/ Yoast SEO plugin. -->","yoast_head_json":{"title":"Contactos - Sol Mais Energia","robots":{"index":"index","follow":"follow","max-snippet":"max-snippet:-1","max-image-preview":"max-image-preview:large","max-video-preview":"max-video-preview:-1"},"canonical":"https:\/\/solmaisenergia.pt\/en\/contactos\/","og_locale":"en_US","og_type":"article","og_title":"Contactos - Sol Mais Energia","og_description":"Contacte-nos Telefone Departamento Comercial: 928 110 589Departamento Engenharia: 917 914 759Departamento T\u00e9cnico: 928 110 299 E-mail geral@solmaisenergia.pt Localiza\u00e7\u00e3o Av. Bernardo Santareno 62005-177 Santar\u00e9m Siga as nossas Redes Sociais Facebook Instagram Whatsapp","og_url":"https:\/\/solmaisenergia.pt\/en\/contactos\/","og_site_name":"Sol Mais Energia","article_publisher":"https:\/\/www.facebook.com\/solmaisenergia.pt","article_modified_time":"2025-10-18T17:33:15+00:00","twitter_card":"summary_large_image","twitter_misc":{"Est. reading time":"1 minute"},"schema":{"@context":"https:\/\/schema.org","@graph":[{"@type":"WebPage","@id":"https:\/\/solmaisenergia.pt\/contactos\/","url":"https:\/\/solmaisenergia.pt\/contactos\/","name":"Contactos - Sol Mais Energia","isPartOf":{"@id":"https:\/\/solmaisenergia.pt\/#website"},"datePublished":"2021-02-11T16:49:12+00:00","dateModified":"2025-10-18T17:33:15+00:00","breadcrumb":{"@id":"https:\/\/solmaisenergia.pt\/contactos\/#breadcrumb"},"inLanguage":"en-US","potentialAction":[{"@type":"ReadAction","target":["https:\/\/solmaisenergia.pt\/contactos\/"]}]},{"@type":"BreadcrumbList","@id":"https:\/\/solmaisenergia.pt\/contactos\/#breadcrumb","itemListElement":[{"@type":"ListItem","position":1,"name":"In\u00edcio","item":"https:\/\/solmaisenergia.pt\/"},{"@type":"ListItem","position":2,"name":"Contactos"}]},{"@type":"WebSite","@id":"https:\/\/solmaisenergia.pt\/#website","url":"https:\/\/solmaisenergia.pt\/","name":"Sol Mais Energia","description":"Solu\u00e7\u00f5es especializadas em autoconsumo fotovoltaico","publisher":{"@id":"https:\/\/solmaisenergia.pt\/#organization"},"potentialAction":[{"@type":"SearchAction","target":{"@type":"EntryPoint","urlTemplate":"https:\/\/solmaisenergia.pt\/?s={search_term_string}"},"query-input":"required name=search_term_string"}],"inLanguage":"en-US"},{"@type":"Organization","@id":"https:\/\/solmaisenergia.pt\/#organization","name":"Sol Mais Energia","url":"https:\/\/solmaisenergia.pt\/","logo":{"@type":"ImageObject","inLanguage":"en-US","@id":"https:\/\/solmaisenergia.pt\/#\/schema\/logo\/image\/","url":"https:\/\/solmaisenergia.pt\/wp-content\/uploads\/2022\/06\/Untitled-4.png","contentUrl":"https:\/\/solmaisenergia.pt\/wp-content\/uploads\/2022\/06\/Untitled-4.png","width":318,"height":250,"caption":"Sol Mais Energia"},"image":{"@id":"https:\/\/solmaisenergia.pt\/#\/schema\/logo\/image\/"},"sameAs":["https:\/\/www.facebook.com\/solmaisenergia.pt","https:\/\/www.instagram.com\/solmaisenergiapt\/","https:\/\/www.linkedin.com\/company\/sol-mais-energia\/"]}]}},"_links":{"self":[{"href":"https:\/\/solmaisenergia.pt\/en\/wp-json\/wp\/v2\/pages\/671"}],"collection":[{"href":"https:\/\/solmaisenergia.pt\/en\/wp-json\/wp\/v2\/pages"}],"about":[{"href":"https:\/\/solmaisenergia.pt\/en\/wp-json\/wp\/v2\/types\/page"}],"author":[{"embeddable":true,"href":"https:\/\/solmaisenergia.pt\/en\/wp-json\/wp\/v2\/users\/1"}],"replies":[{"embeddable":true,"href":"https:\/\/solmaisenergia.pt\/en\/wp-json\/wp\/v2\/comments?post=671"}],"version-history":[{"count":56,"href":"https:\/\/solmaisenergia.pt\/en\/wp-json\/wp\/v2\/pages\/671\/revisions"}],"predecessor-version":[{"id":2617,"href":"https:\/\/solmaisenergia.pt\/en\/wp-json\/wp\/v2\/pages\/671\/revisions\/2617"}],"wp:attachment":[{"href":"https:\/\/solmaisenergia.pt\/en\/wp-json\/wp\/v2\/media?parent=671"}],"curies":[{"name":"wp","href":"https:\/\/api.w.org\/{rel}","templated":true}]}}