{"id":2106,"date":"2024-01-18T16:08:22","date_gmt":"2024-01-18T16:08:22","guid":{"rendered":"https:\/\/solmaisenergia.pt\/?page_id=2106"},"modified":"2024-03-28T13:31:45","modified_gmt":"2024-03-28T13:31:45","slug":"porque-optar-pela-sol-mais-energia","status":"publish","type":"page","link":"https:\/\/solmaisenergia.pt\/en\/porque-optar-pela-sol-mais-energia\/","title":{"rendered":"Why choose Sol Mais Energia"},"content":{"rendered":"<div data-elementor-type=\"wp-page\" data-elementor-id=\"2106\" class=\"elementor elementor-2106\">\n\t\t\t\t\t\t<div class=\"elementor-inner\">\n\t\t\t\t<div class=\"elementor-section-wrap\">\n\t\t\t\t\t\t\t\t\t<section class=\"elementor-section elementor-top-section elementor-element elementor-element-f140b07 elementor-section-full_width elementor-section-height-min-height elementor-section-stretched elementor-section-height-default elementor-section-items-middle\" data-id=\"f140b07\" data-element_type=\"section\" data-settings=\"{&quot;stretch_section&quot;:&quot;section-stretched&quot;,&quot;background_background&quot;:&quot;classic&quot;}\">\n\t\t\t\t\t\t\t<div class=\"elementor-background-overlay\"><\/div>\n\t\t\t\t\t\t\t<div class=\"elementor-container elementor-column-gap-default\">\n\t\t\t\t\t\t\t<div class=\"elementor-row\">\n\t\t\t\t\t<div class=\"elementor-column elementor-col-100 elementor-top-column elementor-element elementor-element-55c30ab\" data-id=\"55c30ab\" data-element_type=\"column\">\n\t\t\t<div class=\"elementor-column-wrap elementor-element-populated\">\n\t\t\t\t\t\t\t<div class=\"elementor-widget-wrap\">\n\t\t\t\t\t\t<div class=\"elementor-element elementor-element-d02d2e4 elementor-widget elementor-widget-heading\" data-id=\"d02d2e4\" data-element_type=\"widget\" data-widget_type=\"heading.default\">\n\t\t\t\t<div class=\"elementor-widget-container\">\n\t\t\t<h2 class=\"elementor-heading-title elementor-size-default\">Why choose <span style=\"font-family: Android SME;\">Sol Mais Energia<\/span><\/h2>\t\t<\/div>\n\t\t\t\t<\/div>\n\t\t\t\t\t\t<\/div>\n\t\t\t\t\t<\/div>\n\t\t<\/div>\n\t\t\t\t\t\t\t\t<\/div>\n\t\t\t\t\t<\/div>\n\t\t<\/section>\n\t\t\t\t<section class=\"elementor-section elementor-top-section elementor-element elementor-element-5d002f7 elementor-section-boxed elementor-section-height-default elementor-section-height-default\" data-id=\"5d002f7\" data-element_type=\"section\">\n\t\t\t\t\t\t<div class=\"elementor-container elementor-column-gap-default\">\n\t\t\t\t\t\t\t<div class=\"elementor-row\">\n\t\t\t\t\t<div class=\"elementor-column elementor-col-100 elementor-top-column elementor-element elementor-element-29dedb0\" data-id=\"29dedb0\" data-element_type=\"column\">\n\t\t\t<div class=\"elementor-column-wrap elementor-element-populated\">\n\t\t\t\t\t\t\t<div class=\"elementor-widget-wrap\">\n\t\t\t\t\t\t<div class=\"elementor-element elementor-element-30b0575 elementor-widget elementor-widget-heading\" data-id=\"30b0575\" data-element_type=\"widget\" data-widget_type=\"heading.default\">\n\t\t\t\t<div class=\"elementor-widget-container\">\n\t\t\t<h2 class=\"elementor-heading-title elementor-size-default\">Why choose <span style=\"font-family: Android SME;\">Sol Mais Energia<\/span>?<\/h2>\t\t<\/div>\n\t\t\t\t<\/div>\n\t\t\t\t<div class=\"elementor-element elementor-element-36c6da5 elementor-widget-divider--view-line elementor-widget elementor-widget-divider\" data-id=\"36c6da5\" data-element_type=\"widget\" data-widget_type=\"divider.default\">\n\t\t\t\t<div class=\"elementor-widget-container\">\n\t\t\t\t\t<div class=\"elementor-divider\">\n\t\t\t<span class=\"elementor-divider-separator\">\n\t\t\t\t\t\t<\/span>\n\t\t<\/div>\n\t\t\t\t<\/div>\n\t\t\t\t<\/div>\n\t\t\t\t<div class=\"elementor-element elementor-element-2027b84 elementor-widget elementor-widget-text-editor\" data-id=\"2027b84\" data-element_type=\"widget\" data-widget_type=\"text-editor.default\">\n\t\t\t\t<div class=\"elementor-widget-container\">\n\t\t\t\t\t\t\t\t<div class=\"elementor-text-editor elementor-clearfix\">\n\t\t\t\t<p class=\"v1MsoNormal\" style=\"text-align: left;\"><strong><span style=\"color: #e69832;\">Over almost 15 years of experience<\/span><\/strong> in the renewable energy market, we realized that we had to differentiate ourselves from competing companies whose services caused customer dissatisfaction.\nWe might ask ourselves what could go wrong with the planning, installation and after-sales service of a photovoltaic plant and the answer is... lots of things!<\/p>\n<p class=\"v1MsoNormal\" style=\"text-align: justify;\">If you don't have the\u00a0<span style=\"color: #e69832;\"><strong><i>know how,<\/i><\/strong><\/span>professional pride, a willingness to act with good practices, to use the right materials for each situation, installation standards - all of these aspects put your investment at risk.\nWe often identify critical problems in installations and in the after-sales service of some companies, which we highlight:<\/p>\n\n<ul>\n \t<li style=\"text-align: justify;\"><span style=\"color: #ed7d31;\">\u2022<\/span> Abandonment or lack of customer support after installation, this is the problem most mentioned by customers;<\/li>\n \t<li style=\"text-align: justify;\"><span style=\"color: #ed7d31;\">\u2022<\/span> Uncritical installations, resulting in panels that are affected by shadows, among other things, reducing their performance;<\/li>\n \t<li style=\"text-align: justify;\"><strong><span style=\"color: #ed7d31;\">\u2022<\/span><\/strong> Use of smaller electrical cables, which can cause overheating;<\/li>\n \t<li style=\"text-align: justify;\"><span style=\"color: #ed7d31;\">\u2022<\/span> Use of incorrect protection specifically for photovoltaic systems or no protection at all.<\/li>\n \t<li style=\"text-align: justify;\"><span style=\"color: #ed7d31;\">\u2022<\/span> Installers who don't have the necessary knowledge of good practices and are just curious;<\/li>\n \t<li style=\"text-align: justify;\"><span style=\"color: #ed7d31;\">\u2022<\/span> Not using professional software that allows realistic production studies and takes into account expected production losses. \"Saying you're going to produce 100 and then you only get 75 is not honest.\"<\/li>\n \t<li style=\"text-align: justify;\"><span style=\"color: #ed7d31;\">\u2022<\/span> Reliable vs. unrealistic economic studies;<\/li>\n \t<li style=\"text-align: justify;\"><span style=\"color: #ed7d31;\">\u2022<\/span> Typical of large companies is the use of \"floating\" teams of installers, which results in a lack of criteria, installation standards and responsibility;<\/li>\n \t<li style=\"text-align: justify;\"><span style=\"color: #ed7d31;\">\u2022<\/span> Systems that simply stop working after a while;<\/li>\n \t<li style=\"text-align: justify;\"><span style=\"color: #ed7d31;\">\u2022<\/span> Poorly fitted plugs that are not watertight, causing systems to short-circuit;<\/li>\n \t<li style=\"text-align: justify;\"><span style=\"color: #ed7d31;\">\u2022<\/span> Companies that hire the services of \"freelance\" engineers to take responsibility for installations that they have never seen.<\/li>\n<\/ul>\n<p class=\"v1MsoNormal\" style=\"text-align: justify;\">As consumers, we all create expectations when we choose products or services. In this case, we expect to benefit from the advertised financial return and for none of the above to happen to us.<\/p>\n<p class=\"v1MsoNormal\" style=\"text-align: justify;\">When you choose <span style=\"font-family: Android SME;\">Sol Mais Energia<\/span>we carry out a serious economic study, without speculation, to ensure that you get the financial return you expect and can be sure that everything will be as advertised. We value transparency and quality, something that is sadly lacking in many markets. That is why we are committed to honoring the client's investment and our company culture.<\/p>\n<p class=\"v1MsoNormal\" style=\"text-align: justify;\">For us, the commitment to the customer does not end with the execution of the project. It is part of our culture to provide permanent and efficient after-sales assistance to protect your investment.<\/p>\n<p class=\"v1MsoNormal\" style=\"text-align: justify;\">Become another satisfied customer, join the family <span style=\"font-family: Android SME;\">Sol Mais Energia<\/span> and ...get <span style=\"font-family: Android SME;\">Sol Mais Energia<\/span>!<\/p>\t\t\t\t\t<\/div>\n\t\t\t\t\t\t<\/div>\n\t\t\t\t<\/div>\n\t\t\t\t\t\t<\/div>\n\t\t\t\t\t<\/div>\n\t\t<\/div>\n\t\t\t\t\t\t\t\t<\/div>\n\t\t\t\t\t<\/div>\n\t\t<\/section>\n\t\t\t\t\t\t\t\t\t<\/div>\n\t\t\t<\/div>\n\t\t\t\t\t<\/div>","protected":false},"excerpt":{"rendered":"<p>Porqu\u00ea optar pela Sol Mais Energia Porqu\u00ea a Sol Mais Energia? Ao longo de quase 15 anos de experi\u00eancia no mercado das energias renov\u00e1veis, fomos percebendo que ter\u00edamos de nos diferenciar de empresas da concorr\u00eancia cujos servi\u00e7os causavam descontentamento nos clientes. Poderemos perguntar-nos, sobre o que poder\u00e1 correr mal num planeamento, na instala\u00e7\u00e3o e no [&hellip;]<\/p>","protected":false},"author":1,"featured_media":0,"parent":0,"menu_order":0,"comment_status":"closed","ping_status":"closed","template":"","meta":{"footnotes":""},"class_list":["post-2106","page","type-page","status-publish","hentry"],"yoast_head":"<!-- This site is optimized with the Yoast SEO plugin v23.1 - https:\/\/yoast.com\/wordpress\/plugins\/seo\/ -->\n<title>Porqu\u00ea optar pela Sol Mais Energia - Sol Mais Energia<\/title>\n<meta name=\"robots\" content=\"index, follow, max-snippet:-1, max-image-preview:large, max-video-preview:-1\" \/>\n<link rel=\"canonical\" href=\"https:\/\/solmaisenergia.pt\/en\/porque-optar-pela-sol-mais-energia\/\" \/>\n<meta property=\"og:locale\" content=\"en_US\" \/>\n<meta property=\"og:type\" content=\"article\" \/>\n<meta property=\"og:title\" content=\"Porqu\u00ea optar pela Sol Mais Energia - Sol Mais Energia\" \/>\n<meta property=\"og:description\" content=\"Porqu\u00ea optar pela Sol Mais Energia Porqu\u00ea a Sol Mais Energia? Ao longo de quase 15 anos de experi\u00eancia no mercado das energias renov\u00e1veis, fomos percebendo que ter\u00edamos de nos diferenciar de empresas da concorr\u00eancia cujos servi\u00e7os causavam descontentamento nos clientes. Poderemos perguntar-nos, sobre o que poder\u00e1 correr mal num planeamento, na instala\u00e7\u00e3o e no [&hellip;]\" \/>\n<meta property=\"og:url\" content=\"https:\/\/solmaisenergia.pt\/en\/porque-optar-pela-sol-mais-energia\/\" \/>\n<meta property=\"og:site_name\" content=\"Sol Mais Energia\" \/>\n<meta property=\"article:publisher\" content=\"https:\/\/www.facebook.com\/solmaisenergia.pt\" \/>\n<meta property=\"article:modified_time\" content=\"2024-03-28T13:31:45+00:00\" \/>\n<meta name=\"twitter:card\" content=\"summary_large_image\" \/>\n<meta name=\"twitter:label1\" content=\"Est. reading time\" \/>\n\t<meta name=\"twitter:data1\" content=\"2 minutes\" \/>\n<script type=\"application\/ld+json\" class=\"yoast-schema-graph\">{\"@context\":\"https:\/\/schema.org\",\"@graph\":[{\"@type\":\"WebPage\",\"@id\":\"https:\/\/solmaisenergia.pt\/porque-optar-pela-sol-mais-energia\/\",\"url\":\"https:\/\/solmaisenergia.pt\/porque-optar-pela-sol-mais-energia\/\",\"name\":\"Porqu\u00ea optar pela Sol Mais Energia - Sol Mais Energia\",\"isPartOf\":{\"@id\":\"https:\/\/solmaisenergia.pt\/#website\"},\"datePublished\":\"2024-01-18T16:08:22+00:00\",\"dateModified\":\"2024-03-28T13:31:45+00:00\",\"breadcrumb\":{\"@id\":\"https:\/\/solmaisenergia.pt\/porque-optar-pela-sol-mais-energia\/#breadcrumb\"},\"inLanguage\":\"en-US\",\"potentialAction\":[{\"@type\":\"ReadAction\",\"target\":[\"https:\/\/solmaisenergia.pt\/porque-optar-pela-sol-mais-energia\/\"]}]},{\"@type\":\"BreadcrumbList\",\"@id\":\"https:\/\/solmaisenergia.pt\/porque-optar-pela-sol-mais-energia\/#breadcrumb\",\"itemListElement\":[{\"@type\":\"ListItem\",\"position\":1,\"name\":\"In\u00edcio\",\"item\":\"https:\/\/solmaisenergia.pt\/\"},{\"@type\":\"ListItem\",\"position\":2,\"name\":\"Porqu\u00ea optar pela Sol Mais Energia\"}]},{\"@type\":\"WebSite\",\"@id\":\"https:\/\/solmaisenergia.pt\/#website\",\"url\":\"https:\/\/solmaisenergia.pt\/\",\"name\":\"Sol Mais Energia\",\"description\":\"Solu\u00e7\u00f5es especializadas em autoconsumo fotovoltaico\",\"publisher\":{\"@id\":\"https:\/\/solmaisenergia.pt\/#organization\"},\"potentialAction\":[{\"@type\":\"SearchAction\",\"target\":{\"@type\":\"EntryPoint\",\"urlTemplate\":\"https:\/\/solmaisenergia.pt\/?s={search_term_string}\"},\"query-input\":\"required name=search_term_string\"}],\"inLanguage\":\"en-US\"},{\"@type\":\"Organization\",\"@id\":\"https:\/\/solmaisenergia.pt\/#organization\",\"name\":\"Sol Mais Energia\",\"url\":\"https:\/\/solmaisenergia.pt\/\",\"logo\":{\"@type\":\"ImageObject\",\"inLanguage\":\"en-US\",\"@id\":\"https:\/\/solmaisenergia.pt\/#\/schema\/logo\/image\/\",\"url\":\"https:\/\/solmaisenergia.pt\/wp-content\/uploads\/2022\/06\/Untitled-4.png\",\"contentUrl\":\"https:\/\/solmaisenergia.pt\/wp-content\/uploads\/2022\/06\/Untitled-4.png\",\"width\":318,\"height\":250,\"caption\":\"Sol Mais Energia\"},\"image\":{\"@id\":\"https:\/\/solmaisenergia.pt\/#\/schema\/logo\/image\/\"},\"sameAs\":[\"https:\/\/www.facebook.com\/solmaisenergia.pt\",\"https:\/\/www.instagram.com\/solmaisenergiapt\/\",\"https:\/\/www.linkedin.com\/company\/sol-mais-energia\/\"]}]}<\/script>\n<!-- \/ Yoast SEO plugin. -->","yoast_head_json":{"title":"Porqu\u00ea optar pela Sol Mais Energia - Sol Mais Energia","robots":{"index":"index","follow":"follow","max-snippet":"max-snippet:-1","max-image-preview":"max-image-preview:large","max-video-preview":"max-video-preview:-1"},"canonical":"https:\/\/solmaisenergia.pt\/en\/porque-optar-pela-sol-mais-energia\/","og_locale":"en_US","og_type":"article","og_title":"Porqu\u00ea optar pela Sol Mais Energia - Sol Mais Energia","og_description":"Porqu\u00ea optar pela Sol Mais Energia Porqu\u00ea a Sol Mais Energia? Ao longo de quase 15 anos de experi\u00eancia no mercado das energias renov\u00e1veis, fomos percebendo que ter\u00edamos de nos diferenciar de empresas da concorr\u00eancia cujos servi\u00e7os causavam descontentamento nos clientes. Poderemos perguntar-nos, sobre o que poder\u00e1 correr mal num planeamento, na instala\u00e7\u00e3o e no [&hellip;]","og_url":"https:\/\/solmaisenergia.pt\/en\/porque-optar-pela-sol-mais-energia\/","og_site_name":"Sol Mais Energia","article_publisher":"https:\/\/www.facebook.com\/solmaisenergia.pt","article_modified_time":"2024-03-28T13:31:45+00:00","twitter_card":"summary_large_image","twitter_misc":{"Est. reading time":"2 minutes"},"schema":{"@context":"https:\/\/schema.org","@graph":[{"@type":"WebPage","@id":"https:\/\/solmaisenergia.pt\/porque-optar-pela-sol-mais-energia\/","url":"https:\/\/solmaisenergia.pt\/porque-optar-pela-sol-mais-energia\/","name":"Porqu\u00ea optar pela Sol Mais Energia - Sol Mais Energia","isPartOf":{"@id":"https:\/\/solmaisenergia.pt\/#website"},"datePublished":"2024-01-18T16:08:22+00:00","dateModified":"2024-03-28T13:31:45+00:00","breadcrumb":{"@id":"https:\/\/solmaisenergia.pt\/porque-optar-pela-sol-mais-energia\/#breadcrumb"},"inLanguage":"en-US","potentialAction":[{"@type":"ReadAction","target":["https:\/\/solmaisenergia.pt\/porque-optar-pela-sol-mais-energia\/"]}]},{"@type":"BreadcrumbList","@id":"https:\/\/solmaisenergia.pt\/porque-optar-pela-sol-mais-energia\/#breadcrumb","itemListElement":[{"@type":"ListItem","position":1,"name":"In\u00edcio","item":"https:\/\/solmaisenergia.pt\/"},{"@type":"ListItem","position":2,"name":"Porqu\u00ea optar pela Sol Mais Energia"}]},{"@type":"WebSite","@id":"https:\/\/solmaisenergia.pt\/#website","url":"https:\/\/solmaisenergia.pt\/","name":"Sol Mais Energia","description":"Solu\u00e7\u00f5es especializadas em autoconsumo fotovoltaico","publisher":{"@id":"https:\/\/solmaisenergia.pt\/#organization"},"potentialAction":[{"@type":"SearchAction","target":{"@type":"EntryPoint","urlTemplate":"https:\/\/solmaisenergia.pt\/?s={search_term_string}"},"query-input":"required name=search_term_string"}],"inLanguage":"en-US"},{"@type":"Organization","@id":"https:\/\/solmaisenergia.pt\/#organization","name":"Sol Mais Energia","url":"https:\/\/solmaisenergia.pt\/","logo":{"@type":"ImageObject","inLanguage":"en-US","@id":"https:\/\/solmaisenergia.pt\/#\/schema\/logo\/image\/","url":"https:\/\/solmaisenergia.pt\/wp-content\/uploads\/2022\/06\/Untitled-4.png","contentUrl":"https:\/\/solmaisenergia.pt\/wp-content\/uploads\/2022\/06\/Untitled-4.png","width":318,"height":250,"caption":"Sol Mais Energia"},"image":{"@id":"https:\/\/solmaisenergia.pt\/#\/schema\/logo\/image\/"},"sameAs":["https:\/\/www.facebook.com\/solmaisenergia.pt","https:\/\/www.instagram.com\/solmaisenergiapt\/","https:\/\/www.linkedin.com\/company\/sol-mais-energia\/"]}]}},"_links":{"self":[{"href":"https:\/\/solmaisenergia.pt\/en\/wp-json\/wp\/v2\/pages\/2106"}],"collection":[{"href":"https:\/\/solmaisenergia.pt\/en\/wp-json\/wp\/v2\/pages"}],"about":[{"href":"https:\/\/solmaisenergia.pt\/en\/wp-json\/wp\/v2\/types\/page"}],"author":[{"embeddable":true,"href":"https:\/\/solmaisenergia.pt\/en\/wp-json\/wp\/v2\/users\/1"}],"replies":[{"embeddable":true,"href":"https:\/\/solmaisenergia.pt\/en\/wp-json\/wp\/v2\/comments?post=2106"}],"version-history":[{"count":13,"href":"https:\/\/solmaisenergia.pt\/en\/wp-json\/wp\/v2\/pages\/2106\/revisions"}],"predecessor-version":[{"id":2418,"href":"https:\/\/solmaisenergia.pt\/en\/wp-json\/wp\/v2\/pages\/2106\/revisions\/2418"}],"wp:attachment":[{"href":"https:\/\/solmaisenergia.pt\/en\/wp-json\/wp\/v2\/media?parent=2106"}],"curies":[{"name":"wp","href":"https:\/\/api.w.org\/{rel}","templated":true}]}}